{"id":2709,"date":"2022-08-01T15:45:44","date_gmt":"2022-08-01T13:45:44","guid":{"rendered":"https:\/\/nataschagermane.com\/?page_id=2709"},"modified":"2023-08-14T10:56:36","modified_gmt":"2023-08-14T08:56:36","slug":"impressum","status":"publish","type":"page","link":"https:\/\/nataschagermane.com\/de\/impressum\/","title":{"rendered":"Impressum"},"content":{"rendered":"<div class=\"wpb-content-wrapper\"><p>[vc_row][vc_column icons_position=&#8220;left&#8220;][vc_empty_space height=&#8220;172px&#8220; alter_height=&#8220;none&#8220; hide_on_mobile=&#8220;&#8220; css=&#8220;.vc_custom_1607084328821{margin-bottom: 0.25rem !important;}&#8220;][\/vc_column][\/vc_row][vc_row][vc_column css=&#8220;.vc_custom_1606997889959{margin-top: -90px !important;}&#8220;]<div id=\"sc_title_676641811\"\n\t\tclass=\"sc_title color_style_default sc_title_default left\"><h3 class=\"sc_item_title sc_title_title sc_align_left sc_item_title_style_default\">Impressum<\/h3><\/div><!-- \/.sc_title -->[vc_separator][vc_column_text]<\/p>\n<p>\nNatascha Germane<br \/>Zertifizierter Coach, Trainerin und Yoga Lehrerin<\/p>\n<p>Andreasgasse 5\/3\/1, 1070 Wien<br \/>Tel.: <a href=\"+4369917168298\" style=\"color: #000; text-decoration: underline;\">+43(0) 699 171 682 98<\/a><br \/>E-Mail: <a href=\"mailto:getfit@nataschagermane.com\" style=\"color: #000; text-decoration: underline;\">getfit@nataschagermane.com<\/a><br \/>www.nataschagermane.com<\/p>\n<p>Erstellung von Trainingskonzepten f\u00fcr gesundheitsbewusste Personen gem\u00e4\u00df \u00a7 5 Abs.2 GewO 1994 Gewerbe mit Ausnahme des reglementierten Gewerbes gem\u00e4\u00df \u00a7 5 Abs. GewO 1994.<\/p>\n<p style=\"text-align: left;\">Coachings nur nach Terminvereinbarung.<\/p>\n<p>[\/vc_column_text][vc_empty_space alter_height=&#8220;huge&#8220; hide_on_mobile=&#8220;&#8220; css=&#8220;.vc_custom_1607084355954{margin-top: 1.6rem !important;}&#8220;][\/vc_column][\/vc_row]<\/p>\n<\/div>","protected":false},"excerpt":{"rendered":"<p>[vc_row][vc_column icons_position=&#8220;left&#8220;][vc_empty_space height=&#8220;172px&#8220; alter_height=&#8220;none&#8220; hide_on_mobile=&#8220;&#8220; css=&#8220;.vc_custom_1607084328821{margin-bottom: 0.25rem !important;}&#8220;][\/vc_column][\/vc_row][vc_row][vc_column css=&#8220;.vc_custom_1606997889959{margin-top: -90px !important;}&#8220;][vc_separator][vc_column_text] Natascha GermaneZertifizierter Coach, Trainerin und Yoga Lehrerin Andreasgasse 5\/3\/1, 1070 WienTel.: +43(0) 699 171 682 98E-Mail: getfit@nataschagermane.comwww.nataschagermane.com Erstellung von Trainingskonzepten f\u00fcr gesundheitsbewusste Personen gem\u00e4\u00df \u00a7 5 Abs.2 GewO 1994 Gewerbe mit Ausnahme des reglementierten Gewerbes gem\u00e4\u00df \u00a7 5 Abs. GewO 1994. Coachings nur nach Terminvereinbarung. [\/vc_column_text][vc_empty_space alter_height=&#8220;huge&#8220; hide_on_mobile=&#8220;&#8220; css=&#8220;.vc_custom_1607084355954{margin-top:&hellip;<\/p>\n","protected":false},"author":5,"featured_media":0,"parent":0,"menu_order":0,"comment_status":"closed","ping_status":"closed","template":"","meta":{"footnotes":""},"class_list":["post-2709","page","type-page","status-publish","hentry"],"_links":{"self":[{"href":"https:\/\/nataschagermane.com\/de\/wp-json\/wp\/v2\/pages\/2709","targetHints":{"allow":["GET"]}}],"collection":[{"href":"https:\/\/nataschagermane.com\/de\/wp-json\/wp\/v2\/pages"}],"about":[{"href":"https:\/\/nataschagermane.com\/de\/wp-json\/wp\/v2\/types\/page"}],"author":[{"embeddable":true,"href":"https:\/\/nataschagermane.com\/de\/wp-json\/wp\/v2\/users\/5"}],"replies":[{"embeddable":true,"href":"https:\/\/nataschagermane.com\/de\/wp-json\/wp\/v2\/comments?post=2709"}],"version-history":[{"count":7,"href":"https:\/\/nataschagermane.com\/de\/wp-json\/wp\/v2\/pages\/2709\/revisions"}],"predecessor-version":[{"id":2894,"href":"https:\/\/nataschagermane.com\/de\/wp-json\/wp\/v2\/pages\/2709\/revisions\/2894"}],"wp:attachment":[{"href":"https:\/\/nataschagermane.com\/de\/wp-json\/wp\/v2\/media?parent=2709"}],"curies":[{"name":"wp","href":"https:\/\/api.w.org\/{rel}","templated":true}]}}