{"id":2696,"date":"2022-08-01T15:22:30","date_gmt":"2022-08-01T13:22:30","guid":{"rendered":"https:\/\/nataschagermane.com\/?page_id=2696"},"modified":"2024-11-25T09:54:52","modified_gmt":"2024-11-25T08:54:52","slug":"geist","status":"publish","type":"page","link":"https:\/\/nataschagermane.com\/de\/geist\/","title":{"rendered":"Geist"},"content":{"rendered":"<div class=\"wpb-content-wrapper\"><p>[vc_row][vc_column]<div class=\"sc_layouts sc_layouts_default sc_layouts_2683\">[vc_row full_width=\"stretch_row\" css=\".vc_custom_1637076128949{background-image: url(https:\/\/nataschagermane.com\/wp-content\/uploads\/2021\/09\/mind_bg.jpg?id=1890) !important;background-position: center !important;background-repeat: no-repeat !important;background-size: cover !important;}\"][vc_column width=\"1\/2\" icons_position=\"left\" offset=\"vc_col-md-offset-7 vc_col-md-5 vc_col-sm-offset-6\" css=\".vc_custom_1607025843826{background-color: #fffaef !important;}\"][vc_empty_space alter_height=\"medium\" hide_on_mobile=\"\" css=\".vc_custom_1497269887114{margin-top: 0.8rem !important;}\"][vc_empty_space alter_height=\"huge\" hide_on_mobile=\"\"]<div class=\"sc_layouts_item\"><div id=\"sc_title_1570924988\"\n\t\tclass=\"sc_title color_style_dark scheme_default sc_title_default left\"><h3 class=\"sc_item_title sc_title_title sc_align_left sc_item_title_style_default\">Der geistige Prozess<\/h3><h6 class=\"sc_item_subtitle sc_title_subtitle sc_align_left sc_item_title_style_default\">Wie er funktioniert<\/h6><div class=\"sc_item_descr sc_title_descr sc_align_left\"><ol  class=\"trx_addons_list trx_addons_list_circle\">\n<li>Ich habe gelernt, dass die Kultivierung gesunder Gewohnheiten durch unsere eigene Bereitschaft zur Ver\u00e4nderung zu einem gl\u00fccklicheren und erf\u00fcllteren Leben f\u00fchrt.<br \/>\n Ich kann Sie dabei unterst\u00fctzen, Ihre innere Einstellung so zu ver\u00e4ndern, dass Sie ges\u00fcnder und gl\u00fccklicher werden wollen!<br \/>\nDurch eine Kombination aus Kampfsport, Fitness, Yoga und Achtsamkeit helfe ich Ihnen dabei, das Beste aus sich herauszuholen.<\/li>\n<li>Ihr Geist ist eine m\u00e4chtige Sache und wenn Sie ihn mit positiven Gedanken f\u00fcllen, wird sich Ihr Leben zum Besseren ver\u00e4ndern und Sie werden dranbleiben, um Ihre Ziele zu erreichen<\/li>\n<li>Sind Sie bereit, Ihre innere Reise zu beginnen? Um genau das Leben zu erreichen, das Sie verdienen und sich w\u00fcnschen?<\/li>\n<\/ol>\n<\/div><\/div><!-- \/.sc_title --><\/div>[vc_empty_space alter_height=\"medium\" hide_on_mobile=\"\" css=\".vc_custom_1497270787773{margin-top: -0.5rem !important;}\"][vc_empty_space alter_height=\"huge\" hide_on_mobile=\"\"][\/vc_column][\/vc_row]<\/div>[\/vc_column][\/vc_row][vc_row][vc_column]<div class=\"sc_layouts sc_layouts_default sc_layouts_2385\">[vc_row][vc_column icons_position=\"left\"][vc_empty_space height=\"31px\" alter_height=\"medium\" hide_on_mobile=\"\" css=\".vc_custom_1654240152469{margin-top: 1rem !important;}\"][\/vc_column][\/vc_row][vc_row][vc_column width=\"1\/3\" icons_position=\"left\"]<a href=\"https:\/\/nataschagermane.com\/body\/\" title=\"Body\" target=\"\" class=\"cq-gradientbox-link\"><div class=\"cq-gradientbox   gradient-customized\" data-startcolor=\"\" data-endcolor=\"\" data-avatartype=\"icon\" data-avatarimage=\"\" data-titlealign=\"center\" data-gradientbackground=\"customized\" data-avatarbgsize=\"70px\" data-iconfontsize=\"\" data-iconcolor=\"#edcb9a\" data-iconbgcolor=\"\" data-contentbgcolor=\"\" data-contentcolor=\"#595957\" data-titlesize=\"1.6em\" data-tooltip=\"\" data-boxheight=\"\"><div class=\"cq-gradientbox-contentcontainer \"><div class=\"cq-gradientbox-content \"><div class=\"cq-gradientbox-avatarcontainer \"><i class=\"cq-gradientbox-icon icon-child\"><\/i><\/div><h3 class=\"cq-gradientbox-title\">K\u00f6rperliche Kr\u00e4ftigung<\/h3>\r\n<div class=\"sc_services_item_info\">\r\n<div class=\"sc_services_item_content\">\r\n<p style=\"text-align: center;\">Verbessern Sie Ihre Beweglichkeit und k\u00f6rperliche Flexibilit\u00e4t, damit Sie alle Aufgaben des t\u00e4glichen Lebens mit Leichtigkeit bew\u00e4ltigen k\u00f6nnen.<\/p>\r\n\r\n<\/div>\r\n<\/div>\r\n&nbsp;\r\n\r\n<\/div><\/div><\/div><\/a>[\/vc_column][vc_column width=\"1\/3\" icons_position=\"left\"]<a href=\"https:\/\/nataschagermane.com\/mind\/\" title=\"Body\" target=\"\" class=\"cq-gradientbox-link\"><div class=\"cq-gradientbox   gradient-customized\" data-startcolor=\"\" data-endcolor=\"\" data-avatartype=\"icon\" data-avatarimage=\"\" data-titlealign=\"center\" data-gradientbackground=\"customized\" data-avatarbgsize=\"70px\" data-iconfontsize=\"\" data-iconcolor=\"#edcb9a\" data-iconbgcolor=\"\" data-contentbgcolor=\"\" data-contentcolor=\"#595957\" data-titlesize=\"1.6em\" data-tooltip=\"\" data-boxheight=\"\"><div class=\"cq-gradientbox-contentcontainer \"><div class=\"cq-gradientbox-content \"><div class=\"cq-gradientbox-avatarcontainer \"><i class=\"cq-gradientbox-icon icon-circle-dot\"><\/i><\/div><h3 class=\"cq-gradientbox-title\">Geistige St\u00e4rkung<\/h3>\r\n<div class=\"sc_services_item_info\">\r\n<div class=\"sc_services_item_content\">\r\n<p style=\"text-align: center;\">Unser Geist ist so m\u00e4chtig, dass er unserer Gesundheit schadet, wenn er nicht entspannt und in Frieden mit sich und seiner Umwelt ist.<\/p>\r\n\r\n<\/div>\r\n<\/div>\r\n&nbsp;\r\n\r\n&nbsp;\r\n\r\n&nbsp;\r\n\r\n<\/div><\/div><\/div><\/a>[\/vc_column][vc_column width=\"1\/3\" icons_position=\"left\"]<a href=\"https:\/\/nataschagermane.com\/coaching\/\" title=\"Coaching\" target=\"\" class=\"cq-gradientbox-link\"><div class=\"cq-gradientbox   gradient-customized\" data-startcolor=\"\" data-endcolor=\"\" data-avatartype=\"icon\" data-avatarimage=\"\" data-titlealign=\"center\" data-gradientbackground=\"customized\" data-avatarbgsize=\"70px\" data-iconfontsize=\"\" data-iconcolor=\"#edcb9a\" data-iconbgcolor=\"\" data-contentbgcolor=\"\" data-contentcolor=\"#595957\" data-titlesize=\"1.6em\" data-tooltip=\"\" data-boxheight=\"\"><div class=\"cq-gradientbox-contentcontainer \"><div class=\"cq-gradientbox-content \"><div class=\"cq-gradientbox-avatarcontainer \"><i class=\"cq-gradientbox-icon icon-summer\"><\/i><\/div><h3 class=\"cq-gradientbox-title\">Wohlbefinden<\/h3>\r\n<div class=\"sc_services_item_info\">\r\n<div class=\"sc_services_item_content\">\r\n<p style=\"text-align: center;\">Bringen Sie K\u00f6rper und Geist ins Gleichgewicht, dann geh\u00f6ren Unentschlossenheit, \u00c4rger und Angst der Vergangenheit an.<\/p>\r\n\r\n<\/div>\r\n<\/div>\r\n&nbsp;\r\n\r\n&nbsp;\r\n\r\n&nbsp;\r\n\r\n<\/div><\/div><\/div><\/a>[\/vc_column][\/vc_row][vc_row][vc_column icons_position=\"left\"][vc_empty_space alter_height=\"small\" hide_on_mobile=\"\" css=\".vc_custom_1638455110735{margin-top: 1rem !important;}\"][\/vc_column][\/vc_row]<\/div><div class=\"sc_layouts sc_layouts_default sc_layouts_2684\">[vc_row][vc_column icons_position=\"left\"]<div class=\"sc_layouts_item\"><div id=\"sc_title_1469425721\"\n\t\tclass=\"sc_title color_style_default sc_title_default center\"><h3 class=\"sc_item_title sc_title_title sc_align_center sc_item_title_style_default\">Den Geist st\u00e4rken<\/h3><h6 class=\"sc_item_subtitle sc_title_subtitle sc_align_center sc_item_title_style_default\">Gestalten Sie Ihren eigenen Lebensstil<\/h6><div class=\"sc_item_descr sc_title_descr sc_align_center\"><p>Einer meiner Fitness-Klienten in London, ein Professor f\u00fcr Psychologie, hat mir im Rahmen unserer gemeinsamen Arbeit vorgeschlagen, mehr \u00fcber Coaching und Mentoring zu lernen, da ich dies bereits intuitiv in meiner Managerrolle im \u201eHealth Club\u201c und in meinen Personal Training Sessions tat. Nach einigen Recherchen fand ich die \u201eCoaching Academy\u201c in London (Gro\u00dfbritannien) und sp\u00e4ter Dr. Kaweh und Dr.  Braun \u201eTrinergy\u201c in Wien (\u00d6sterreich).<\/p>\n<p>Ich traf dort hervorragende Mentoren und Coaches und habe viel von Ihnen gelernt. Bis heute lerne und \u00fcbe ich, denn je mehr man lernt, umso mehr erkennt man, wie viel es noch zu lernen gibt.<\/p>\n<p>Mein Coaching wird Sie dabei unterst\u00fctzen, Mut, Geduld und Entschlossenheit als Tools einzusetzen, um erfolgreich zu sein.<\/p>\n<p>Frieden und Gl\u00fcck sind der Schl\u00fcssel zu einem erf\u00fcllten, wohlhabenden Lebensstil. Wir m\u00fcssen uns realistische und \u00f6konomische Ziele setzen. Daran glaube ich und habe es so bei mir selbst, meinen KundInnen und auch in meinem Freundes- und Bekanntenkreis erlebt.<\/p>\n<\/div><\/div><!-- \/.sc_title --><\/div>[vc_empty_space alter_height=\"large\" hide_on_mobile=\"\" css=\".vc_custom_1497269296952{margin-top: 1rem !important;}\"][\/vc_column][\/vc_row]<\/div>[\/vc_column][\/vc_row][vc_row][vc_column]<div class=\"sc_layouts sc_layouts_default sc_layouts_2687\">[vc_row full_width=\"stretch_row\" css=\".vc_custom_1638457107293{background-color: #f1f0f6 !important;background-position: center !important;background-repeat: no-repeat !important;background-size: cover !important;}\"][vc_column icons_position=\"left\"][vc_empty_space alter_height=\"medium\" hide_on_mobile=\"\"]<div class=\"sc_layouts_item\"><div id=\"sc_title_1547736244\"\n\t\tclass=\"sc_title color_style_default sc_title_default center\"><h3 class=\"sc_item_title sc_title_title sc_align_center sc_item_title_style_default\">ST\u00c4RKEN SIE K\u00d6RPER UND GEIST<\/h3><h6 class=\"sc_item_subtitle sc_title_subtitle sc_align_center sc_item_title_style_default\">Es h\u00f6rt sich so einfach an und erfordert doch so viel Disziplin...<\/h6><div class=\"sc_item_descr sc_title_descr sc_align_center\"><p>Es bedarf viel \u00dcbung, um sich auf seinen K\u00f6rper und Geist gut einstimmen zu k\u00f6nnen. Aber ich dachte mir, wenn ich es gelernt habe und jetzt kann, kann es jeder.  Als ich meine ersten Lehreinheiten gab, merkte ich, dass es den meisten meiner Klienten durch meine Begleitung leichter f\u00e4llt und sie die Anleitung und die Entspannung genie\u00dfen. Ich erinnere mich, dass ich eine laute und temperamentvolle Jugendliche war. Meine Emotionen, meinen \u00c4rger und mein Temperament hatte ich nicht im Griff. Eine meiner gr\u00f6\u00dften Herausforderungen war es, still da zu sitzen, ohne zu sprechen oder zu denken. Anfangs hielt ich es nur ein paar Minuten aus, ruhig zu bleiben, ohne an etwas zu denken! Ich lernte, wie man jede Zelle mit dem Fluss des Sauerstoffs st\u00e4rkt, der jedes Organ im K\u00f6rper am Leben erh\u00e4lt und n\u00e4hrt \u2013 f\u00fcr umfassende Gesundheit. W\u00e4hrend ich den Atem in einer entsprechenden Haltung beobachtete, lernte ich - und sp\u00e4ter auch meine Klienten von mir - pr\u00e4sent zu sein, im hier und jetzt.<\/p>\n<p>Sivananda Yoga, Tai-Chi, Shaoling-Kung-Fu, Pilates und Hatha Yoga lehrten mich, dass man durch die richtige Atmung \"Prana\" oder \"Chi\" erf\u00e4hrt, eine Art Lebenskraft, die den ganzen K\u00f6rper durchflie\u00dft und mit Energie versorgt. Wenn wir erst einmal die richtigen Methoden erlernt haben und uns wohl dabei f\u00fchlen, tief einzuatmen, zu entspannen und dann vollst\u00e4ndig auszuatmen, wird sich ein Gef\u00fchl tiefen Friedens in uns einstellen, wo wir einfach unser entspanntes Selbst sein d\u00fcrfen.<\/p>\n<\/div><\/div><!-- \/.sc_title --><\/div>[vc_empty_space alter_height=\"medium\" hide_on_mobile=\"\" css=\".vc_custom_1640016659711{margin-bottom: 0.9rem !important;}\"][\/vc_column][\/vc_row][vc_row][vc_column icons_position=\"left\"][vc_empty_space alter_height=\"medium\" hide_on_mobile=\"\" css=\".vc_custom_1640016632114{margin-bottom: 0.9rem !important;}\"]<div class=\"sc_layouts_item\"><div id=\"sc_title_707786644\"\n\t\tclass=\"sc_title color_style_default sc_title_default center\"><h3 class=\"sc_item_title sc_title_title sc_align_center sc_item_title_style_default\">Die innere Kraft sp\u00fcren<\/h3><div class=\"sc_item_descr sc_title_descr sc_align_center\"><p>Auf der Suche nach meinem wahren Selbst, meiner Mission, dem Frieden im Geist und dem Verst\u00e4ndnis der Leere war ich in Asien, Amerika, Australien und Europa unterwegs. Auf meinen Reisen habe ich verschiedene Meditationsstile kennengelernt, wie den Diamantweg-Buddhismus, den Ashram von Osho, Amma und Sai Baba, Usui Reiki, Sri Chin Moy, Vipassana, Dalai lama Lehren und Einweihung und andere.<\/p>\n<p>Dadurch wurde mir klar, dass unser Geist m\u00e4chtig ist und dass er, wenn er sich nicht entspannt und in Frieden ist, unsere Gesundheit beeintr\u00e4chtigen kann. Wenn wir ihn st\u00e4rken und uns \u00fcber die Geschehnisse in unserem Leben im Klaren sind, k\u00f6nnen wir vern\u00fcnftige Entscheidungen auf Grundlage unseres wirklichen Lebensweges treffen. Ich habe gelernt, meine Gedanken zu beruhigen und meinen Geist zu leeren, damit mich nichts mehr st\u00f6ren kann. Wenn der Geist zur Ruhe kommt, l\u00e4sst uns das die Welt klarer sehen und wir kommen in Kontakt mit unseren eigenen Sinnen. Ich konnte viele Klienten dabei beobachten und sie erfolgreich durch diesen Prozess begleiten.<\/p>\n<\/div><\/div><!-- \/.sc_title --><\/div>[vc_empty_space alter_height=\"medium\" hide_on_mobile=\"\" css=\".vc_custom_1640016632114{margin-bottom: 0.9rem !important;}\"][\/vc_column][\/vc_row]<\/div>[\/vc_column][\/vc_row][vc_row disable_element=&#8220;yes&#8220;][vc_column]<div class=\"sc_layouts sc_layouts_default sc_layouts_2395\">[vc_row full_width=\"stretch_row\" css=\".vc_custom_1493199393991{background-color: #ececec !important;}\"][vc_column icons_position=\"left\"][vc_empty_space height=\"31px\" alter_height=\"large\" hide_on_mobile=\"\" css=\".vc_custom_1654240360355{margin-top: 1rem !important;}\"]<div class=\"sc_layouts_item\"><div id=\"sc_title_341704377\"\n\t\tclass=\"sc_title color_style_default sc_title_default center\"><h2 class=\"sc_item_title sc_title_title sc_align_center sc_item_title_style_default sc_item_title_tag\">Online-Pakete<\/h2><h6 class=\"sc_item_subtitle sc_title_subtitle sc_align_center sc_item_title_style_default\">W\u00e4hlen Sie das f\u00fcr Sie passende Paket<\/h6><\/div><!-- \/.sc_title --><\/div>[vc_empty_space alter_height=\"medium\" hide_on_mobile=\"\" css=\".vc_custom_1497271240319{margin-top: 2.2rem !important;}\"]<div class=\"sc_layouts_item\"><div  id=\"home-prices\" \n\tclass=\"sc_price color_style_default sc_price_default\"><div class=\"sc_price_columns_wrap sc_item_columns trx_addons_columns_wrap columns_padding_bottom\"><div class=\"trx_addons_column-1_3\"><div class=\"sc_price_item sc_price_item_default\">\n\t\t\t<div class=\"sc_price_item_header\"><h3 class=\"sc_price_item_title\"><span>Leichter Start<\/span><\/h3><div class=\"sc_price_item_icon sc_price_item_icon_type_ icon-timer\"\n                                                        ><span class=\"sc_price_item_icon_type_ icon-timer\"\n                                                                ><\/span><\/div><h6 class=\"sc_price_item_subtitle\"><span>Bereiten Sie sich auf Ver\u00e4nderungen vor<\/span><\/h6><div class=\"sc_price_item_description\"><span>&#9733;&#9733;&#9733;<\/span><\/div><div class=\"sc_price_item_price\"><span class=\"sc_price_item_price_value\">3<\/span><span class=\"sc_price_item_price_after\">Monate<\/span><\/div><\/div>\n                    <div class=\"sc_price_item_info\"><div class=\"sc_price_item_details\">Kostenloses Vorgespr\u00e4ch<hr>Vier Coaching-Sitzungen (Video-Calls) und grundlegende mentale und k\u00f6rperliche Tools, genau auf Ihre Bed\u00fcrfnisse und W\u00fcnsche zugeschnitten<hr>Abschlussgespr\u00e4ch<\/div><\/div><!-- \/.sc_price_item_info --><a href=\"\/contacts\" class=\"sc_price_item_link sc_price_item_link_over\"><\/a><\/div><\/div><div class=\"trx_addons_column-1_3\"><div class=\"sc_price_item sc_price_item_default\">\n\t\t\t<div class=\"sc_price_item_header\"><h3 class=\"sc_price_item_title\"><span>Gute Wahl<\/span><\/h3><div class=\"sc_price_item_icon sc_price_item_icon_type_ icon-timer\"\n                                                        ><span class=\"sc_price_item_icon_type_ icon-timer\"\n                                                                ><\/span><\/div><h6 class=\"sc_price_item_subtitle\"><span>Verwandeln Sie sich<\/span><\/h6><div class=\"sc_price_item_description\"><span>&#9733;&#9733;&#9733;&#9733;<\/span><\/div><div class=\"sc_price_item_price\"><span class=\"sc_price_item_price_value\">6<\/span><span class=\"sc_price_item_price_after\">Monate<\/span><\/div><\/div>\n                    <div class=\"sc_price_item_info\"><div class=\"sc_price_item_details\">Kostenloses Vorgespr\u00e4ch<hr>Acht Coaching-Sitzungen (Video-Calls) und grundlegende mentale und k\u00f6rperliche Tools, speziell auf Ihr Ver\u00e4nderungspotenzial zugeschnitten <hr>Abschlussgespr\u00e4ch<\/div><\/div><!-- \/.sc_price_item_info --><a href=\"\/contacts\" class=\"sc_price_item_link sc_price_item_link_over\"><\/a><\/div><\/div><div class=\"trx_addons_column-1_3\"><div class=\"sc_price_item sc_price_item_default\">\n\t\t\t<div class=\"sc_price_item_header\"><h3 class=\"sc_price_item_title\"><span>Gro\u00dfe Ver\u00e4nderungen<\/span><\/h3><div class=\"sc_price_item_icon sc_price_item_icon_type_ icon-timer\"\n                                                        ><span class=\"sc_price_item_icon_type_ icon-timer\"\n                                                                ><\/span><\/div><h6 class=\"sc_price_item_subtitle\"><span>Erschaffen Sie Ihr Leben neu!<\/span><\/h6><div class=\"sc_price_item_description\"><span>&#9733;&#9733;&#9733;&#9733;&#9733;<\/span><\/div><div class=\"sc_price_item_price\"><span class=\"sc_price_item_price_value\">9<\/span><span class=\"sc_price_item_price_after\">Monate<\/span><\/div><\/div>\n                    <div class=\"sc_price_item_info\"><div class=\"sc_price_item_details\">Kostenloses Vorgespr\u00e4ch<hr>Zw\u00f6lf Coaching-Sitzungen (Video-Calls) und ma\u00dfgeschneiderte mentale und k\u00f6rperliche Tools f\u00fcr Sie, um lebensver\u00e4ndernde Gewohnheiten zu schaffen<hr>E-Mail Unterst\u00fctzung<hr>Abschlussgespr\u00e4ch<\/div><\/div><!-- \/.sc_price_item_info --><a href=\"\/contacts\" class=\"sc_price_item_link sc_price_item_link_over\"><\/a><\/div><\/div><\/div><\/div><!-- \/.sc_price --><\/div>[vc_empty_space alter_height=\"large\" hide_on_mobile=\"\" css=\".vc_custom_1497271266431{margin-top: -0.7rem !important;}\"][\/vc_column][\/vc_row]<\/div>[\/vc_column][\/vc_row][vc_row full_width=&#8220;stretch_row&#8220; css=&#8220;.vc_custom_1607012103082{background-color: #c49e6a !important;}&#8220;][vc_column]<div id=\"sc_content_42591253\"\n\t\tclass=\"sc_content color_style_default sc_content_default sc_float_center sc_align_center\"><div class=\"sc_content_container\">[vc_empty_space alter_height=&#8220;medium&#8220; hide_on_mobile=&#8220;&#8220; css=&#8220;.vc_custom_1607012123840{margin-top: -0.95rem !important;}&#8220;]<div class=\"sc_item_button sc_button_wrap sc_align_left\"><a href=\"mailto:getfit@nataschagermane.com\" id=\"sc_button_785846646\" class=\"sc_button color_style_default sc_button_default sc_button_size_normal sc_button_icon_left\"><span class=\"sc_button_text\"><span class=\"sc_button_title\">Jetzt Termin vereinbaren<\/span><\/span><!-- \/.sc_button_text --><\/a><!-- \/.sc_button --><\/div><!-- \/.sc_item_button -->[vc_empty_space alter_height=&#8220;medium&#8220; hide_on_mobile=&#8220;&#8220; css=&#8220;.vc_custom_1607012129323{margin-top: -0.95rem !important;}&#8220;]<\/div><\/div><!-- \/.sc_content -->[\/vc_column][\/vc_row]<\/p>\n<\/div>","protected":false},"excerpt":{"rendered":"<p>[vc_row][vc_column][\/vc_column][\/vc_row][vc_row][vc_column][\/vc_column][\/vc_row][vc_row][vc_column][\/vc_column][\/vc_row][vc_row disable_element=&#8220;yes&#8220;][vc_column][\/vc_column][\/vc_row][vc_row full_width=&#8220;stretch_row&#8220; css=&#8220;.vc_custom_1607012103082{background-color: #c49e6a !important;}&#8220;][vc_column][\/vc_column][\/vc_row]<\/p>\n","protected":false},"author":5,"featured_media":0,"parent":0,"menu_order":0,"comment_status":"closed","ping_status":"closed","template":"","meta":{"footnotes":""},"class_list":["post-2696","page","type-page","status-publish","hentry"],"_links":{"self":[{"href":"https:\/\/nataschagermane.com\/de\/wp-json\/wp\/v2\/pages\/2696","targetHints":{"allow":["GET"]}}],"collection":[{"href":"https:\/\/nataschagermane.com\/de\/wp-json\/wp\/v2\/pages"}],"about":[{"href":"https:\/\/nataschagermane.com\/de\/wp-json\/wp\/v2\/types\/page"}],"author":[{"embeddable":true,"href":"https:\/\/nataschagermane.com\/de\/wp-json\/wp\/v2\/users\/5"}],"replies":[{"embeddable":true,"href":"https:\/\/nataschagermane.com\/de\/wp-json\/wp\/v2\/comments?post=2696"}],"version-history":[{"count":5,"href":"https:\/\/nataschagermane.com\/de\/wp-json\/wp\/v2\/pages\/2696\/revisions"}],"predecessor-version":[{"id":2981,"href":"https:\/\/nataschagermane.com\/de\/wp-json\/wp\/v2\/pages\/2696\/revisions\/2981"}],"wp:attachment":[{"href":"https:\/\/nataschagermane.com\/de\/wp-json\/wp\/v2\/media?parent=2696"}],"curies":[{"name":"wp","href":"https:\/\/api.w.org\/{rel}","templated":true}]}}