{"id":2673,"date":"2022-08-01T13:53:57","date_gmt":"2022-08-01T11:53:57","guid":{"rendered":"https:\/\/nataschagermane.com\/?page_id=2673"},"modified":"2024-11-25T09:59:47","modified_gmt":"2024-11-25T08:59:47","slug":"koerper","status":"publish","type":"page","link":"https:\/\/nataschagermane.com\/de\/koerper\/","title":{"rendered":"K\u00f6rper"},"content":{"rendered":"<div class=\"wpb-content-wrapper\"><p>[vc_row][vc_column]<div class=\"sc_layouts sc_layouts_default sc_layouts_2667\">[vc_row full_width=\"stretch_row\" css=\".vc_custom_1637075056628{background-image: url(https:\/\/nataschagermane.com\/wp-content\/uploads\/2020\/12\/slider.jpg?id=1430) !important;background-position: center !important;background-repeat: no-repeat !important;background-size: cover !important;}\"][vc_column width=\"7\/12\" icons_position=\"left\" offset=\"vc_col-md-offset-8 vc_col-md-6 vc_col-sm-offset-7\" css=\".vc_custom_1637075094577{background-color: #fffaef !important;}\"][vc_empty_space alter_height=\"medium\" hide_on_mobile=\"\" css=\".vc_custom_1497269887114{margin-top: 0.8rem !important;}\"][vc_empty_space alter_height=\"huge\" hide_on_mobile=\"\"]<div class=\"sc_layouts_item\"><div id=\"sc_title_1648675820\"\n\t\tclass=\"sc_title color_style_dark scheme_default sc_title_default left\"><h3 class=\"sc_item_title sc_title_title sc_align_left sc_item_title_style_default\">Der k\u00f6rperliche Prozess<\/h3><h6 class=\"sc_item_subtitle sc_title_subtitle sc_align_left sc_item_title_style_default\">Wie er funktioniert<\/h6><div class=\"sc_item_descr sc_title_descr sc_align_left\"><ol  class=\"trx_addons_list trx_addons_list_circle\">\n<li>ES IST ZEIT, IN SICH SELBST ZU INVESTIEREN!<br \/>\nGravierender Zeitmangel und Unwissen \u00fcber die verschiedenen Arten und Herausforderungen des Trainings sind die beiden Hauptgr\u00fcnde, warum Menschen keinen Sport treiben.  Aus diesem Grund engagieren viele Menschen einen Personal Coach! <\/p>\n<p>Sie brauchen jemanden, der ihnen sagt, wie sie ihre Ziele erreichen k\u00f6nnen. Und wie sie dies auf m\u00f6glichst zeitsparende und zielf\u00fchrende Weise tun k\u00f6nnen.<\/p>\n<li>Wenn Sie Ihr allgemeines Fitness-Niveau verbessern m\u00f6chten, k\u00f6nnen kombinierte \u00dcbungen, die Bewegungen von mehreren Gelenken beinhalten, \u00e4u\u00dferst effektiv sein, da sie mehr als nur eine Muskelgruppe beanspruchen und damit aktivieren. Wenn Sie lernen, wie man am besten diese Bewegungen miteinander verbindet und ausf\u00fchrt, k\u00f6nnen Sie viel Zeit im Fitnessstudio sparen und Ihr t\u00e4gliches Zeitmanagement verbessern.\n<p>Hier sind drei Vorteile von kombinierten \u00dcbungen<\/p>\n<p>1. Kombinierte \u00dcbungen verbrennen mehr Kalorien<br \/>\n2. Kombinierte \u00dcbungen erh\u00f6hen die Herzfrequenz und bieten einen kardiovaskul\u00e4ren Trainingsvorteil<br \/>\n3. Kombinierte \u00dcbungen verbessern die Bewegungseffizienz<\/li>\n<\/li>\n<li>Buchen Sie Ihr Fitness-Coaching noch heute! Jeder Tag ist ein guter und der richtige Tag, um ein auf Ihre W\u00fcnsche und Bed\u00fcrfnisse abgestimmtes Training zu beginnen <\/li>\n<\/ol>\n<\/div><\/div><!-- \/.sc_title --><\/div>[vc_empty_space alter_height=\"medium\" hide_on_mobile=\"\" css=\".vc_custom_1497270787773{margin-top: -0.5rem !important;}\"][vc_empty_space alter_height=\"huge\" hide_on_mobile=\"\"][\/vc_column][\/vc_row]<\/div>[\/vc_column][\/vc_row][vc_row][vc_column]<div class=\"sc_layouts sc_layouts_default sc_layouts_2385\">[vc_row][vc_column icons_position=\"left\"][vc_empty_space height=\"31px\" alter_height=\"medium\" hide_on_mobile=\"\" css=\".vc_custom_1654240152469{margin-top: 1rem !important;}\"][\/vc_column][\/vc_row][vc_row][vc_column width=\"1\/3\" icons_position=\"left\"]<a href=\"https:\/\/nataschagermane.com\/body\/\" title=\"Body\" target=\"\" class=\"cq-gradientbox-link\"><div class=\"cq-gradientbox   gradient-customized\" data-startcolor=\"\" data-endcolor=\"\" data-avatartype=\"icon\" data-avatarimage=\"\" data-titlealign=\"center\" data-gradientbackground=\"customized\" data-avatarbgsize=\"70px\" data-iconfontsize=\"\" data-iconcolor=\"#edcb9a\" data-iconbgcolor=\"\" data-contentbgcolor=\"\" data-contentcolor=\"#595957\" data-titlesize=\"1.6em\" data-tooltip=\"\" data-boxheight=\"\"><div class=\"cq-gradientbox-contentcontainer \"><div class=\"cq-gradientbox-content \"><div class=\"cq-gradientbox-avatarcontainer \"><i class=\"cq-gradientbox-icon icon-child\"><\/i><\/div><h3 class=\"cq-gradientbox-title\">K\u00f6rperliche Kr\u00e4ftigung<\/h3>\r\n<div class=\"sc_services_item_info\">\r\n<div class=\"sc_services_item_content\">\r\n<p style=\"text-align: center;\">Verbessern Sie Ihre Beweglichkeit und k\u00f6rperliche Flexibilit\u00e4t, damit Sie alle Aufgaben des t\u00e4glichen Lebens mit Leichtigkeit bew\u00e4ltigen k\u00f6nnen.<\/p>\r\n\r\n<\/div>\r\n<\/div>\r\n&nbsp;\r\n\r\n<\/div><\/div><\/div><\/a>[\/vc_column][vc_column width=\"1\/3\" icons_position=\"left\"]<a href=\"https:\/\/nataschagermane.com\/mind\/\" title=\"Body\" target=\"\" class=\"cq-gradientbox-link\"><div class=\"cq-gradientbox   gradient-customized\" data-startcolor=\"\" data-endcolor=\"\" data-avatartype=\"icon\" data-avatarimage=\"\" data-titlealign=\"center\" data-gradientbackground=\"customized\" data-avatarbgsize=\"70px\" data-iconfontsize=\"\" data-iconcolor=\"#edcb9a\" data-iconbgcolor=\"\" data-contentbgcolor=\"\" data-contentcolor=\"#595957\" data-titlesize=\"1.6em\" data-tooltip=\"\" data-boxheight=\"\"><div class=\"cq-gradientbox-contentcontainer \"><div class=\"cq-gradientbox-content \"><div class=\"cq-gradientbox-avatarcontainer \"><i class=\"cq-gradientbox-icon icon-circle-dot\"><\/i><\/div><h3 class=\"cq-gradientbox-title\">Geistige St\u00e4rkung<\/h3>\r\n<div class=\"sc_services_item_info\">\r\n<div class=\"sc_services_item_content\">\r\n<p style=\"text-align: center;\">Unser Geist ist so m\u00e4chtig, dass er unserer Gesundheit schadet, wenn er nicht entspannt und in Frieden mit sich und seiner Umwelt ist.<\/p>\r\n\r\n<\/div>\r\n<\/div>\r\n&nbsp;\r\n\r\n&nbsp;\r\n\r\n&nbsp;\r\n\r\n<\/div><\/div><\/div><\/a>[\/vc_column][vc_column width=\"1\/3\" icons_position=\"left\"]<a href=\"https:\/\/nataschagermane.com\/coaching\/\" title=\"Coaching\" target=\"\" class=\"cq-gradientbox-link\"><div class=\"cq-gradientbox   gradient-customized\" data-startcolor=\"\" data-endcolor=\"\" data-avatartype=\"icon\" data-avatarimage=\"\" data-titlealign=\"center\" data-gradientbackground=\"customized\" data-avatarbgsize=\"70px\" data-iconfontsize=\"\" data-iconcolor=\"#edcb9a\" data-iconbgcolor=\"\" data-contentbgcolor=\"\" data-contentcolor=\"#595957\" data-titlesize=\"1.6em\" data-tooltip=\"\" data-boxheight=\"\"><div class=\"cq-gradientbox-contentcontainer \"><div class=\"cq-gradientbox-content \"><div class=\"cq-gradientbox-avatarcontainer \"><i class=\"cq-gradientbox-icon icon-summer\"><\/i><\/div><h3 class=\"cq-gradientbox-title\">Wohlbefinden<\/h3>\r\n<div class=\"sc_services_item_info\">\r\n<div class=\"sc_services_item_content\">\r\n<p style=\"text-align: center;\">Bringen Sie K\u00f6rper und Geist ins Gleichgewicht, dann geh\u00f6ren Unentschlossenheit, \u00c4rger und Angst der Vergangenheit an.<\/p>\r\n\r\n<\/div>\r\n<\/div>\r\n&nbsp;\r\n\r\n&nbsp;\r\n\r\n&nbsp;\r\n\r\n<\/div><\/div><\/div><\/a>[\/vc_column][\/vc_row][vc_row][vc_column icons_position=\"left\"][vc_empty_space alter_height=\"small\" hide_on_mobile=\"\" css=\".vc_custom_1638455110735{margin-top: 1rem !important;}\"][\/vc_column][\/vc_row]<\/div><div class=\"sc_layouts sc_layouts_default sc_layouts_2685\">[vc_row][vc_column icons_position=\"left\"]<div class=\"sc_layouts_item\"><div id=\"sc_title_1651238195\"\n\t\tclass=\"sc_title color_style_default sc_title_default center\"><h3 class=\"sc_item_title sc_title_title sc_align_center sc_item_title_style_default\">Personal Training<\/h3><h6 class=\"sc_item_subtitle sc_title_subtitle sc_align_center sc_item_title_style_default\">Kraft & Koordination<\/h6><div class=\"sc_item_descr sc_title_descr sc_align_center\"><p>Durch kontrollierte Bewegungen mit einer Kombination aus Coreball, Hanteln und Therab\u00e4ndern trainieren Sie Ihren gesamten K\u00f6rper und sorgen f\u00fcr die richtige K\u00f6rperhaltung.<\/p>\n<p>Gezieltes Training der Rumpfmuskulatur verbessert nicht nur Ihre k\u00f6rperliche Fitness, sondern ebnet auch den Weg zu einem gl\u00fccklichen Leben in allen Bereichen, denn nur in einem gesunden und aktiven K\u00f6rper wohnt ein gesunder und aktiver Geist.<\/p>\n<p>Nach Verletzungen an beiden Knien konnte ich nicht mehr schmerzfrei gehen und musste mein Leben und meine Gewohnheiten \u00fcberdenken. Ich probierte verschiedene Fitnesskurse und wollte an mein sportliches Niveau vor den Verletzungen ankn\u00fcpfen. Ich wollte wissen, was eigentlich passiert ist und warum.<\/p>\n<p>Schritt f\u00fcr Schritt konnte ich mich rehabilitieren \u2013 ganz ohne Operationen an Knien und H\u00fcfte, die manche \u00c4rzte vorgeschlagen haben. Ich lernte, dass eine Verbesserung der muskul\u00e4ren Kraft, der Koordination und des Herz-Kreislauf-Systems Verletzungen vorbeugt und dass man durch eine hohe Wiederholungszahl im Training und kombinierte \u00dcbungen st\u00e4rker und in der K\u00f6rperhaltung stabiler wird. Diese Erkenntnisse gebe ich seither an meine Klienten weiter und entwickle mit ihnen ein individuelles Schritt-f\u00fcr-Schritt-Programm, das die Vorteile all dieser \u00dcbungen und Methoden beinhaltet.<\/p>\n<\/div><\/div><!-- \/.sc_title --><\/div>[vc_empty_space alter_height=\"large\" hide_on_mobile=\"\" css=\".vc_custom_1497269296952{margin-top: 1rem !important;}\"][\/vc_column][\/vc_row]<\/div>[\/vc_column][\/vc_row][vc_row][vc_column]<div class=\"sc_layouts sc_layouts_default sc_layouts_2689\">[vc_row full_width=\"stretch_row\" row_delimiter=\"\" row_fixed=\"\" hide_on_tablet=\"\" hide_on_mobile=\"\" hide_on_frontpage=\"\" css=\".vc_custom_1640016809319{background-color: #f1f0f6 !important;background-position: center !important;background-repeat: no-repeat !important;background-size: cover !important;}\"][vc_column icons_position=\"left\"][vc_empty_space alter_height=\"medium\" hide_on_mobile=\"\"]<div class=\"sc_layouts_item\"><div id=\"sc_title_1735928017\"\n\t\tclass=\"sc_title color_style_default sc_title_default center\"><h3 class=\"sc_item_title sc_title_title sc_align_center sc_item_title_style_default\">MOBILIT\u00c4T & FLEXIBILIT\u00c4T<\/h3><h6 class=\"sc_item_subtitle sc_title_subtitle sc_align_center sc_item_title_style_default\">Shivananda, Hatha und Ashtanga Yoga<\/h6><div class=\"sc_item_descr sc_title_descr sc_align_center\"><p>Die f\u00fcnf Punkte des Yoga sind: richtige Ausf\u00fchrung, richtige Atmung, richtige Entspannung, richtige Ern\u00e4hrung sowie positives Denken und Meditation.<\/p>\n<p>Yoga Praxis entspannt den K\u00f6rper und hilft dem Geist, sich zu konzentrieren und verschiedene Gedankenprozesse zu steuern. Meine Kunden best\u00e4tigen immer wieder, dass es funktioniert! Manche Yoga-Haltungen sind recht anspruchsvoll, vor allem wenn man gleichzeitig ruhig bleiben, sich entspannen und atmen soll.<\/p>\n<p>Bei regelm\u00e4\u00dfiger Anwendung verbessern sich Mobilit\u00e4t und Flexibilit\u00e4t schon nach kurzer Zeit. Dadurch k\u00f6nnen allt\u00e4gliche Aufgaben des Lebens mit mehr Leichtigkeit erledigt werden. Am Ende zahlt sich die M\u00fche aus und resultiert in einem st\u00e4rkeren Ich!<\/p>\n<p>Eine meiner wertvollsten Erfahrungen waren die Yoga-Ashrams in Indien im Jahr 2002. Die Kultur und die Atmosph\u00e4re haben mich tief beeindruckt. Seit ich selbst Yoga praktiziere, merke ich, dass Gleichgewicht von K\u00f6rper und Geist auch bedeutet, dass Unentschlossenheit, \u00c4rger und Angst der Vergangenheit angeh\u00f6ren. Das ist auch das Feedback, das ich von meinen TeilnehmerInnen im Unterricht und im pers\u00f6nlichen Gespr\u00e4ch bekomme.<\/p>\n<\/div><\/div><!-- \/.sc_title --><\/div>[vc_empty_space alter_height=\"medium\" hide_on_mobile=\"\" css=\".vc_custom_1640016776029{margin-bottom: 0.9rem !important;}\"][\/vc_column][\/vc_row][vc_row][vc_column icons_position=\"left\"][vc_empty_space alter_height=\"medium\" hide_on_mobile=\"\" css=\".vc_custom_1640016814564{margin-bottom: 0.9rem !important;}\"]<div class=\"sc_layouts_item\"><div id=\"sc_title_865428345\"\n\t\tclass=\"sc_title color_style_default sc_title_default center\"><h3 class=\"sc_item_title sc_title_title sc_align_center sc_item_title_style_default\">Kraft & Selbstvertrauen<\/h3><h6 class=\"sc_item_subtitle sc_title_subtitle sc_align_center sc_item_title_style_default\">Muai-Thai, Kick Boxing, Kung-Fu und Tai-Chi<\/h6><div class=\"sc_item_descr sc_title_descr sc_align_center\"><p>Durch Kickbox-Training werden Sie sich sowohl Ihrer k\u00f6rperlichen als auch Ihrer geistigen Kraft bewusst. Mit der richtigen K\u00f6rperhaltung und Atmung kommen Sie mit Ihrem Inneren in Kontakt, werden sich Ihrer Gef\u00fchle bewusst und konzentrieren sich auf die Gegenwart. Viele meiner Klienten haben von den Verbund- und Kampf\u00fcbungen profitiert und ihre Wut und Frustration durch verschiedene Techniken in den Griff bekommen. So k\u00f6nnen sie ein ausgeglicheneres und ruhigeres Leben f\u00fchren. Ich habe in meinen fr\u00fchen Zwanzigern mit Muai-Thai begonnen, um meine Wut und mein unkontrolliertes Temperament in den Griff zu bekommen. Das Training hat mir Spa\u00df gemacht, aber da ich das einzige M\u00e4dchen war und mit den Jungs im Vollkontakt k\u00e4mpfen musste, hatte ich viele blaue Flecken an Armen und Beinen. Ich lernte mich zu verteidigen. Gleichzeitig verdeckte ich die Flecken in meinem Gesicht durch Make-up, w\u00e4hrend ich als Assistentin der Gesch\u00e4ftsf\u00fchrung und Kellnerin in einem Restaurant arbeitete. Einige der G\u00e4ste dachten sogar, ich w\u00fcrde zu Hause oder in meiner Beziehung geschlagen! Das brachte mir vermutlich aus Mitleid gutes Trinkgeld. Schlie\u00dflich beschloss ich aber, mich einer weniger schlagintensiven Kampfsportart zuzuwenden. Ich begann mit Kickboxen und Kung-Fu, wo ich die Kampfkunst und die Kultur dahinter ebenso sch\u00e4tzen lernte und genoss wie die Turniere und Wettk\u00e4mpfe.<\/p>\n<p>Es half mir und sp\u00e4ter auch meinen KundInnen, den Geist zu befreien und seelische und k\u00f6rperliche Barrieren zu \u00fcberwinden. Koordination, Kraft, Gleichgewicht und Selbstvertrauen verbesserten sich.<\/p>\n<p>Sp\u00e4ter kombinierte ich das k\u00f6rperliche Training mit Meditation. Das st\u00e4rkt gleichzeitig unsere innere Kraft. Was ich an diesem Training am meisten liebe: KundInnen aus ihrer Komfortzone herauszuf\u00fchren und sie dabei zu unterst\u00fctzen, ihre eigene Kraft kennenzulernen.<\/p>\n<\/div><\/div><!-- \/.sc_title --><\/div>[vc_empty_space alter_height=\"medium\" hide_on_mobile=\"\" css=\".vc_custom_1640016814564{margin-bottom: 0.9rem !important;}\"][\/vc_column][\/vc_row]<\/div>[\/vc_column][\/vc_row][vc_row disable_element=&#8220;yes&#8220;][vc_column]<div class=\"sc_layouts sc_layouts_default sc_layouts_2395\">[vc_row full_width=\"stretch_row\" css=\".vc_custom_1493199393991{background-color: #ececec !important;}\"][vc_column icons_position=\"left\"][vc_empty_space height=\"31px\" alter_height=\"large\" hide_on_mobile=\"\" css=\".vc_custom_1654240360355{margin-top: 1rem !important;}\"]<div class=\"sc_layouts_item\"><div id=\"sc_title_1964841122\"\n\t\tclass=\"sc_title color_style_default sc_title_default center\"><h2 class=\"sc_item_title sc_title_title sc_align_center sc_item_title_style_default sc_item_title_tag\">Online-Pakete<\/h2><h6 class=\"sc_item_subtitle sc_title_subtitle sc_align_center sc_item_title_style_default\">W\u00e4hlen Sie das f\u00fcr Sie passende Paket<\/h6><\/div><!-- \/.sc_title --><\/div>[vc_empty_space alter_height=\"medium\" hide_on_mobile=\"\" css=\".vc_custom_1497271240319{margin-top: 2.2rem !important;}\"]<div class=\"sc_layouts_item\"><div  id=\"home-prices\" \n\tclass=\"sc_price color_style_default sc_price_default\"><div class=\"sc_price_columns_wrap sc_item_columns trx_addons_columns_wrap columns_padding_bottom\"><div class=\"trx_addons_column-1_3\"><div class=\"sc_price_item sc_price_item_default\">\n\t\t\t<div class=\"sc_price_item_header\"><h3 class=\"sc_price_item_title\"><span>Leichter Start<\/span><\/h3><div class=\"sc_price_item_icon sc_price_item_icon_type_ icon-timer\"\n                                                        ><span class=\"sc_price_item_icon_type_ icon-timer\"\n                                                                ><\/span><\/div><h6 class=\"sc_price_item_subtitle\"><span>Bereiten Sie sich auf Ver\u00e4nderungen vor<\/span><\/h6><div class=\"sc_price_item_description\"><span>&#9733;&#9733;&#9733;<\/span><\/div><div class=\"sc_price_item_price\"><span class=\"sc_price_item_price_value\">3<\/span><span class=\"sc_price_item_price_after\">Monate<\/span><\/div><\/div>\n                    <div class=\"sc_price_item_info\"><div class=\"sc_price_item_details\">Kostenloses Vorgespr\u00e4ch<hr>Vier Coaching-Sitzungen (Video-Calls) und grundlegende mentale und k\u00f6rperliche Tools, genau auf Ihre Bed\u00fcrfnisse und W\u00fcnsche zugeschnitten<hr>Abschlussgespr\u00e4ch<\/div><\/div><!-- \/.sc_price_item_info --><a href=\"\/contacts\" class=\"sc_price_item_link sc_price_item_link_over\"><\/a><\/div><\/div><div class=\"trx_addons_column-1_3\"><div class=\"sc_price_item sc_price_item_default\">\n\t\t\t<div class=\"sc_price_item_header\"><h3 class=\"sc_price_item_title\"><span>Gute Wahl<\/span><\/h3><div class=\"sc_price_item_icon sc_price_item_icon_type_ icon-timer\"\n                                                        ><span class=\"sc_price_item_icon_type_ icon-timer\"\n                                                                ><\/span><\/div><h6 class=\"sc_price_item_subtitle\"><span>Verwandeln Sie sich<\/span><\/h6><div class=\"sc_price_item_description\"><span>&#9733;&#9733;&#9733;&#9733;<\/span><\/div><div class=\"sc_price_item_price\"><span class=\"sc_price_item_price_value\">6<\/span><span class=\"sc_price_item_price_after\">Monate<\/span><\/div><\/div>\n                    <div class=\"sc_price_item_info\"><div class=\"sc_price_item_details\">Kostenloses Vorgespr\u00e4ch<hr>Acht Coaching-Sitzungen (Video-Calls) und grundlegende mentale und k\u00f6rperliche Tools, speziell auf Ihr Ver\u00e4nderungspotenzial zugeschnitten <hr>Abschlussgespr\u00e4ch<\/div><\/div><!-- \/.sc_price_item_info --><a href=\"\/contacts\" class=\"sc_price_item_link sc_price_item_link_over\"><\/a><\/div><\/div><div class=\"trx_addons_column-1_3\"><div class=\"sc_price_item sc_price_item_default\">\n\t\t\t<div class=\"sc_price_item_header\"><h3 class=\"sc_price_item_title\"><span>Gro\u00dfe Ver\u00e4nderungen<\/span><\/h3><div class=\"sc_price_item_icon sc_price_item_icon_type_ icon-timer\"\n                                                        ><span class=\"sc_price_item_icon_type_ icon-timer\"\n                                                                ><\/span><\/div><h6 class=\"sc_price_item_subtitle\"><span>Erschaffen Sie Ihr Leben neu!<\/span><\/h6><div class=\"sc_price_item_description\"><span>&#9733;&#9733;&#9733;&#9733;&#9733;<\/span><\/div><div class=\"sc_price_item_price\"><span class=\"sc_price_item_price_value\">9<\/span><span class=\"sc_price_item_price_after\">Monate<\/span><\/div><\/div>\n                    <div class=\"sc_price_item_info\"><div class=\"sc_price_item_details\">Kostenloses Vorgespr\u00e4ch<hr>Zw\u00f6lf Coaching-Sitzungen (Video-Calls) und ma\u00dfgeschneiderte mentale und k\u00f6rperliche Tools f\u00fcr Sie, um lebensver\u00e4ndernde Gewohnheiten zu schaffen<hr>E-Mail Unterst\u00fctzung<hr>Abschlussgespr\u00e4ch<\/div><\/div><!-- \/.sc_price_item_info --><a href=\"\/contacts\" class=\"sc_price_item_link sc_price_item_link_over\"><\/a><\/div><\/div><\/div><\/div><!-- \/.sc_price --><\/div>[vc_empty_space alter_height=\"large\" hide_on_mobile=\"\" css=\".vc_custom_1497271266431{margin-top: -0.7rem !important;}\"][\/vc_column][\/vc_row]<\/div>[\/vc_column][\/vc_row][vc_row full_width=&#8220;stretch_row&#8220; css=&#8220;.vc_custom_1607012103082{background-color: #c49e6a !important;}&#8220;][vc_column]<div id=\"sc_content_1894294150\"\n\t\tclass=\"sc_content color_style_default sc_content_default sc_float_center sc_align_center\"><div class=\"sc_content_container\">[vc_empty_space alter_height=&#8220;medium&#8220; hide_on_mobile=&#8220;&#8220; css=&#8220;.vc_custom_1607012123840{margin-top: -0.95rem !important;}&#8220;]<div class=\"sc_item_button sc_button_wrap sc_align_center\"><a href=\"mailto:getfit@nataschagermane.com\" id=\"sc_button_348063716\" class=\"sc_button color_style_default sc_button_default button_de sc_button_size_normal sc_button_icon_left\"><span class=\"sc_button_text\"><span class=\"sc_button_title\">Jetzt Termin vereinbaren<\/span><\/span><!-- \/.sc_button_text --><\/a><!-- \/.sc_button --><\/div><!-- \/.sc_item_button -->[vc_empty_space alter_height=&#8220;medium&#8220; hide_on_mobile=&#8220;&#8220; css=&#8220;.vc_custom_1607012129323{margin-top: -0.95rem !important;}&#8220;]<\/div><\/div><!-- \/.sc_content -->[\/vc_column][\/vc_row]<\/p>\n<\/div>","protected":false},"excerpt":{"rendered":"<p>[vc_row][vc_column][\/vc_column][\/vc_row][vc_row][vc_column][\/vc_column][\/vc_row][vc_row][vc_column][\/vc_column][\/vc_row][vc_row disable_element=&#8220;yes&#8220;][vc_column][\/vc_column][\/vc_row][vc_row full_width=&#8220;stretch_row&#8220; css=&#8220;.vc_custom_1607012103082{background-color: #c49e6a !important;}&#8220;][vc_column][\/vc_column][\/vc_row]<\/p>\n","protected":false},"author":4,"featured_media":0,"parent":0,"menu_order":0,"comment_status":"closed","ping_status":"closed","template":"","meta":{"footnotes":""},"class_list":["post-2673","page","type-page","status-publish","hentry"],"_links":{"self":[{"href":"https:\/\/nataschagermane.com\/de\/wp-json\/wp\/v2\/pages\/2673","targetHints":{"allow":["GET"]}}],"collection":[{"href":"https:\/\/nataschagermane.com\/de\/wp-json\/wp\/v2\/pages"}],"about":[{"href":"https:\/\/nataschagermane.com\/de\/wp-json\/wp\/v2\/types\/page"}],"author":[{"embeddable":true,"href":"https:\/\/nataschagermane.com\/de\/wp-json\/wp\/v2\/users\/4"}],"replies":[{"embeddable":true,"href":"https:\/\/nataschagermane.com\/de\/wp-json\/wp\/v2\/comments?post=2673"}],"version-history":[{"count":8,"href":"https:\/\/nataschagermane.com\/de\/wp-json\/wp\/v2\/pages\/2673\/revisions"}],"predecessor-version":[{"id":2985,"href":"https:\/\/nataschagermane.com\/de\/wp-json\/wp\/v2\/pages\/2673\/revisions\/2985"}],"wp:attachment":[{"href":"https:\/\/nataschagermane.com\/de\/wp-json\/wp\/v2\/media?parent=2673"}],"curies":[{"name":"wp","href":"https:\/\/api.w.org\/{rel}","templated":true}]}}