{"id":2670,"date":"2022-08-01T15:39:48","date_gmt":"2022-08-01T13:39:48","guid":{"rendered":"https:\/\/nataschagermane.com\/?page_id=2670"},"modified":"2024-03-04T10:02:03","modified_gmt":"2024-03-04T09:02:03","slug":"ueber-mich","status":"publish","type":"page","link":"https:\/\/nataschagermane.com\/de\/ueber-mich\/","title":{"rendered":"\u00dcber mich"},"content":{"rendered":"<div class=\"wpb-content-wrapper\"><p>[vc_row][vc_column][vc_empty_space alter_height=&#8220;small&#8220; hide_on_mobile=&#8220;&#8220;]<div id=\"sc_title_317009354\"\n\t\tclass=\"sc_title color_style_default sc_title_default left\"><h1 class=\"sc_item_title sc_title_title sc_align_left sc_item_title_style_default sc_item_title_tag\">Wie und warum ich Life Coach geworden bin<\/h1><\/div><!-- \/.sc_title -->[vc_empty_space height=&#8220;72px&#8220; alter_height=&#8220;none&#8220; hide_on_mobile=&#8220;&#8220;][vc_column_text]<\/p>\n<h3>Meine Geschichte<\/h3>\n<p>[\/vc_column_text][vc_empty_space alter_height=&#8220;small&#8220; hide_on_mobile=&#8220;&#8220;][\/vc_column][\/vc_row][vc_row][vc_column width=&#8220;1\/2&#8243;][vc_column_text]<span class=\"trx_addons_dropcap trx_addons_dropcap_style_1\">I<\/span> ch wurde in Hamburg geboren und <strong>multikulturell<\/strong> mit Erfahrungen in verschiedenen L\u00e4ndern und Kulturen erzogen. Dadurch spreche ich flie\u00dfend Deutsch, Englisch und Farsi.<\/p>\n<p>Ich habe <strong>internationale Berufs- und Ausbildungserfahrungen<\/strong> in Deutschland, USA, Australien, UK, China, Indien, Sri Lanka, Thailand und \u00d6sterreich.<\/p>\n<p>Ich interessiere mich leidenschaftlich f\u00fcr Menschen und ihre Entwicklung. In den letzten Jahrzehnten habe ich <strong>Kampfsport, Yoga, Meditation, Fitness, Management, Coaching und Kommunikation<\/strong> erlernt, trainiert und unterrichtet. Ich liebe es, diese Kenntnisse weiterzugeben. All das hat einen gro\u00dfen Einfluss auf mich und inzwischen auch auf andere.[\/vc_column_text][vc_empty_space height=&#8220;48px&#8220; alter_height=&#8220;none&#8220; hide_on_mobile=&#8220;&#8220; css=&#8220;.vc_custom_1659956991003{margin-top: -1.15rem !important;}&#8220;][vc_column_text]<\/p>\n<blockquote><p>Das Ego sagt: &#8222;Wenn alles an seinem Platz ist, werde ich Frieden f\u00fchlen.&#8220;<br \/>\nDer Geist sagt: &#8222;Finde deinen Frieden und dann wird sich alles f\u00fcgen.\u201c<\/p><\/blockquote>\n<p>[\/vc_column_text][vc_empty_space height=&#8220;48px&#8220; alter_height=&#8220;none&#8220; hide_on_mobile=&#8220;&#8220; css=&#8220;.vc_custom_1659956996226{margin-top: -1.15rem !important;}&#8220;][vc_column_text]Dies ist genau die Geschichte und Reise meines Lebens. Ich habe gelernt, das Bewusstsein von K\u00f6rper und Geist zu nutzen, um mich im Gleichgewicht zu halten und meinen Frieden zu finden, damit sich die Dinge f\u00fcgen k\u00f6nnen![\/vc_column_text][vc_empty_space height=&#8220;72px&#8220; alter_height=&#8220;none&#8220; hide_on_mobile=&#8220;&#8220; css=&#8220;.vc_custom_1607080893802{margin-top: -1.15rem !important;}&#8220;][vc_column_text]<span class=\"trx_addons_dropcap trx_addons_dropcap_style_1\">I<\/span> ch merkte, wenn wir dem Geist Ruhe g\u00f6nnen, wird er heller und kann die Welt klarer sehen und in Kontakt mit unseren eigenen Sinnen kommen. Wenn man es dem K\u00f6rper erlaubt, sein Bestes zu geben, entsteht Vitalit\u00e4t, Krankheiten werden vorgebeugt und wir bleiben k\u00f6rperlich und geistig fit. <strong>Diese Kombination f\u00fchrt zu einem ausgeglicheneren und friedlicheren Leben<\/strong>.[\/vc_column_text][\/vc_column][vc_column width=&#8220;1\/2&#8243;][vc_single_image image=&#8220;2278&#8243; img_size=&#8220;large&#8220;][\/vc_column][\/vc_row][vc_row][vc_column][vc_empty_space hide_on_mobile=&#8220;&#8220; css=&#8220;.vc_custom_1607080535977{margin-top: -0.3rem !important;}&#8220;][\/vc_column][\/vc_row][vc_row][vc_column][vc_column_text]<\/p>\n<hr \/>\n<h4>Meine Leidenschaft<\/h4>\n<p>Ich bin hoch motiviert und zielstrebig, setze mich leidenschaftlich f\u00fcr gute Ergebnisse ein und habe die F\u00fchrung von Menschen durch Vorbild zum Ziel. Ich m\u00f6chte das Bewusstsein st\u00e4rken und die Leistung jedes Einzelnen bzw. Gruppen in Unternehmen steigern. <img loading=\"lazy\" decoding=\"async\" class=\"wp-image-1410 alignleft\" src=\"https:\/\/nataschagermane.com\/wp-content\/uploads\/2020\/09\/Yoga-1-KB-300x201.jpg\" alt=\"Bearbeiten - Original\" width=\"287\" height=\"192\" \/>Das gelingt durch Arbeit an der Unternehmenskultur, den Einstellungen, Verhaltensannahmen und dem Umgang miteinander.<\/p>\n<p>&#8222;Und ich verstehe den Zustand, in dem man nicht mehr die Kraft hat, weiterzuleben.&#8220;<br \/>\nNach einer unruhigen Kindheit und einer schwierigen Zeit als Teenager hatte ich das Gl\u00fcck, einige fantastische Mentoren und F\u00fchrungskr\u00e4fte kennenzulernen. Sie haben mich inspiriert, meinen eigenen Weg zu finden, meine Leistungsf\u00e4higkeit und mein Bewusstsein f\u00fcr K\u00f6rper und Geist zu steigern. Meine ausgepr\u00e4gten Kommunikationsf\u00e4higkeiten erg\u00e4nzen sich mit starken Skills im Projekt- und Beziehungsmanagement und einer &#8222;Das-kann-ich-schaffen&#8220;-Einstellung.<\/p>\n<p>Und ich liebe das, was ich mache![\/vc_column_text][vc_empty_space height=&#8220;30px&#8220; alter_height=&#8220;huge&#8220; hide_on_mobile=&#8220;&#8220; css=&#8220;.vc_custom_1659535478063{margin-top: -1.15rem !important;}&#8220;]<div class=\"sc_item_button sc_button_wrap sc_align_left\"><a href=\"\/contacts\" id=\"sc_button_1129264838\" class=\"sc_button color_style_default sc_button_default sc_button_size_normal sc_button_icon_left\"><span class=\"sc_button_text\"><span class=\"sc_button_title\">Ihr Kontakt zu mir<\/span><\/span><!-- \/.sc_button_text --><\/a><!-- \/.sc_button --><\/div><!-- \/.sc_item_button -->[vc_empty_space height=&#8220;72px&#8220; alter_height=&#8220;none&#8220; hide_on_mobile=&#8220;&#8220; css=&#8220;.vc_custom_1607080893802{margin-top: -1.15rem !important;}&#8220;][\/vc_column][\/vc_row][vc_row full_width=&#8220;stretch_row&#8220; css=&#8220;.vc_custom_1497362196760{background-color: #ececec !important;}&#8220;][vc_column][vc_empty_space alter_height=&#8220;large&#8220; hide_on_mobile=&#8220;&#8220; css=&#8220;.vc_custom_1497362635777{margin-top: 0.85rem !important;}&#8220;]<div id=\"sc_title_1057663350\"\n\t\tclass=\"sc_title color_style_default sc_title_default center\"><h2 class=\"sc_item_title sc_title_title sc_align_center sc_item_title_style_default sc_item_title_tag\">Ich bin zertifizierter Coach<\/h2><h6 class=\"sc_item_subtitle sc_title_subtitle sc_align_center sc_item_title_style_default\">Meine Zertifikate<\/h6><\/div><!-- \/.sc_title -->[vc_empty_space height=&#8220;12px&#8220; alter_height=&#8220;small&#8220; hide_on_mobile=&#8220;&#8220; css=&#8220;.vc_custom_1635531074645{margin-top: 0.85rem !important;}&#8220;][\/vc_column][\/vc_row][vc_row full_width=&#8220;stretch_row&#8220; css=&#8220;.vc_custom_1645196665236{background-color: #ececec !important;}&#8220; el_class=&#8220;certificates&#8220;][vc_column][vc_column_text]<\/p>\n<h6 style=\"text-align: center;\">Sprachen: Englisch, Deutsch<\/h6>\n<p>[\/vc_column_text][vc_column_text]<\/p>\n<h6 style=\"text-align: center;\">MBA spezialisiert in Coaching und Training (erwartet 2026)<\/h6>\n<p>[\/vc_column_text][vc_column_text]<\/p>\n<h6 style=\"text-align: center;\">ISO Certified Business Coach &amp; Trainer, Lebens- und Sozialberaterin<\/h6>\n<p>[\/vc_column_text][vc_column_text]<\/p>\n<h6 style=\"text-align: center;\">NLP Master und Mentor, zertifizierte Yoga Lehrerin, Reiki Master<\/h6>\n<p>[\/vc_column_text][vc_column_text]<\/p>\n<h6 style=\"text-align: center;\">Zertifizierte Fitness und Aerobic Trainerin, Body &amp; Mind Trainerin<\/h6>\n<p>[\/vc_column_text][vc_empty_space alter_height=&#8220;large&#8220; hide_on_mobile=&#8220;&#8220; css=&#8220;.vc_custom_1497362635777{margin-top: 0.85rem !important;}&#8220;][\/vc_column][\/vc_row][vc_row full_width=&#8220;stretch_row&#8220; css=&#8220;.vc_custom_1659535172468{background-color: #ffffff !important;}&#8220; el_class=&#8220;certificates&#8220;][vc_column][vc_separator][vc_column_text]<\/p>\n<h4>Meine beruflicher Werdegang<\/h4>\n<p>[\/vc_column_text][\/vc_column][\/vc_row][vc_row full_width=&#8220;stretch_row&#8220; css=&#8220;.vc_custom_1659534453682{background-color: #ffffff !important;}&#8220; el_class=&#8220;certificates&#8220;][vc_column][vc_empty_space height=&#8220;12px&#8220; alter_height=&#8220;large&#8220; hide_on_mobile=&#8220;&#8220; css=&#8220;.vc_custom_1659535383941{margin-top: 0.85rem !important;}&#8220;][vc_column_text]<\/p>\n<h5><strong>Holistic Life &amp; Health Coach \/ Trainer<\/strong><\/h5>\n<p>Seit 2018 Pers\u00f6nlichkeit &#8211; Personalentwicklung f\u00fcr Einzelpersonen und Unternehmen<\/p>\n<ul>\n<li>Body, Mind &amp; Soul, gef\u00fchrte Meditation und Entspannungs\u00fcbungen<\/li>\n<li>Kombination von K\u00f6rperarbeiten und Geistesf\u00e4higkeiten, um Harmonie im Leben zu erreichen<\/li>\n<li>Balance zwischen Leben und Arbeit &#8211; Life-Balance und achtsame Zielsetzung<\/li>\n<li>Training f\u00fcr soziale und kommunikative F\u00e4higkeiten, Konfliktmanagement \/ Empowerment<\/li>\n<li>Planung von individuellen M\u00f6glichkeiten im Beruf, neuen M\u00f6glichkeiten, andere Berufe zu ergreifen<\/li>\n<\/ul>\n<h5><strong>Beraterin und Trainerin<\/strong><\/h5>\n<p>09\/2015 bis dato &#8211; ABZ* Austria Wien, NGO Organisation, kompetent f\u00fcr Frauen und Wirtschaft<\/p>\n<ul>\n<li>ABZ*Frauenberufszentrum Wien<\/li>\n<li>CORE Kompetenz f\u00fcr Asylwerberinnen<\/li>\n<li>Handel(n) f\u00fcr MigrantInnen<\/li>\n<li>ABZ*Kompetenzcheck Berufliche Integration (Winner United Nations Public service Award 2019)<\/li>\n<\/ul>\n<h5><strong>Regional Managerin<\/strong><\/h5>\n<p>06\/2014\u201303\/2016 &#8211; Bodystreet EMS Training Wien<br \/>\nBeim EMS-Ganzk\u00f6rpertraining in den Bodystreet Fitnessstudios werden \u00fcber 90% der Muskelfasern gleichzeitig kontrahiert.<\/p>\n<ul>\n<li>verantwortlich f\u00fcr vier Studios, Coaching und Training des Personals in allen Bereichen<\/li>\n<li>Erfolgreiche Rekrutierung, Einschulung und Entwicklung eines Teams von 20 Personal TrainerInnen und 4 Studio Managerinnen;\u00a0 Beschwerde-, Zahlungs- und Inkassomanagement<\/li>\n<\/ul>\n<h5><strong>General Managerin<\/strong><\/h5>\n<p>11\/2011\u201308\/2012 &#8211; Holmes Place Premium Fitness &amp; Wellness Wien<\/p>\n<ul>\n<li>Rekrutiert aus London<\/li>\n<li>Zust\u00e4ndig f\u00fcr 60 MitarbeiterInnen, davon 8 ManagerInnen, f\u00fcr das reibungslose Management und f\u00fcr die Instandhaltung des Clubs in allen Bereichen<\/li>\n<li>Aufbau und Training eines 8-k\u00f6pfigen Sales Teams<\/li>\n<\/ul>\n<h5><strong>General Managerin, London<\/strong><\/h5>\n<p>05\/2009\u201311\/2011 &#8211; Bannatyne Health Club &amp; Spa, Westminster, London<\/p>\n<ul>\n<li>Zust\u00e4ndig f\u00fcr 35 MitarbeiterInnen, davon 4 ManagerInnen, f\u00fcr das reibungslose Management und f\u00fcr die Instandhaltung des Clubs in allen Bereichen<\/li>\n<\/ul>\n<h5><strong>Selbstst\u00e4ndige Personal Trainerin \/ Coach und Groupfitness<\/strong><\/h5>\n<p>02\/2000 bis dato &#8211; DE, UK, AT<\/p>\n<ul>\n<li>Body, Mind &amp; Soul, gef\u00fchrte Meditation und Entspannungs\u00fcbungen<\/li>\n<li>Diverse Kurse im Studio Bereich: Kick Box Workout, Core Ball Stability, Power Workout, Yoga Strength &amp; Relaxation und Modern Oriental Belly Dance<\/li>\n<\/ul>\n<h5><strong>Service Managerin, Hamburg<\/strong><\/h5>\n<p>11\/1999\u201312\/2002 &#8211; Schach-Caf\u00e9<\/p>\n<ul>\n<li>Verantwortlich f\u00fcr die Rekrutierung und Einschulung des Personals und Bestellungsmanagement<\/li>\n<\/ul>\n<p>[\/vc_column_text][\/vc_column][\/vc_row][vc_row full_width=&#8220;stretch_row&#8220; css=&#8220;.vc_custom_1659535172468{background-color: #ffffff !important;}&#8220; el_class=&#8220;certificates&#8220;][vc_column][vc_separator][vc_column_text]<\/p>\n<h4>Meine Aus &#8211; und Weiterbildungen<\/h4>\n<p>[\/vc_column_text][\/vc_column][\/vc_row][vc_row full_width=&#8220;stretch_row&#8220; css=&#8220;.vc_custom_1659534453682{background-color: #ffffff !important;}&#8220; el_class=&#8220;certificates&#8220;][vc_column width=&#8220;1\/2&#8243;][vc_empty_space height=&#8220;12px&#8220; alter_height=&#8220;large&#8220; hide_on_mobile=&#8220;&#8220; css=&#8220;.vc_custom_1659535383941{margin-top: 0.85rem !important;}&#8220;][vc_column_text]<\/p>\n<h5>Geistige und mentale Qualifikationen:<\/h5>\n<ul class=\"trx_addons_list_dot\">\n<li>01\/2022 bis dato: MBA, spezialisiert in Coaching &amp; Training, ASAS Fernstudium Online FH, Burgenland<\/li>\n<li>01\/2017\u201305\/2022: <a href=\"https:\/\/nataschagermane.com\/wp-content\/uploads\/2022\/08\/Diplom-Lehrgang-Mediation.pdf\" target=\"_blank\" rel=\"noopener\">Diplom- Lehrgang f\u00fcr Mediation<\/a>, \u201eTrinergy\u201c Akademie, Wien<\/li>\n<li>02\/2019\u201302\/2021: Wirtschaftswissenschaften und Betriebswirtschaftslehre Studienberechtigungspr\u00fcfung, Wien<\/li>\n<li>09\/2018\u201309\/2021: <a href=\"https:\/\/nataschagermane.com\/wp-content\/uploads\/2022\/08\/Diplome-Coaching.pdf\" target=\"_blank\" rel=\"noopener\">Graduierte \u201eTrinergy\u201c Bewusstseins-Business Coach<\/a>, Wien<\/li>\n<li>02\/2019\u201304\/2019: <a href=\"https:\/\/nataschagermane.com\/wp-content\/uploads\/2022\/08\/Gender-Div-und-Co.pdf\" target=\"_blank\" rel=\"noopener\">Gendertraining und Diversit\u00e4t Training<\/a>, ABZ Austria, Wien<\/li>\n<li>03\/2019\u201303\/2019: <a href=\"https:\/\/nataschagermane.com\/wp-content\/uploads\/2022\/08\/Gender-Div-und-Co.pdf\" target=\"_blank\" rel=\"noopener\">Antisemitismus und Radikalisierungspr\u00e4vention<\/a>, Wien<\/li>\n<li>09\/2013\u201311\/2017: NLP <a href=\"https:\/\/nataschagermane.com\/wp-content\/uploads\/2022\/08\/NLP-Master-Trainer.pdf\" target=\"_blank\" rel=\"noopener\">Master Trainer<\/a>, <a href=\"https:\/\/nataschagermane.com\/wp-content\/uploads\/2022\/08\/NLP-Mentorin.pdf\" target=\"_blank\" rel=\"noopener\">Mentor<\/a>, Mentalcoach, Dr. Braun, Wien<\/li>\n<li>04\/2017\u201305\/2017: <a href=\"https:\/\/nataschagermane.com\/wp-content\/uploads\/2022\/08\/Gender-Div-und-Co.pdf\" target=\"_blank\" rel=\"noopener\">Kompetenzarbeit in Beratung und Training<\/a>, Wien<\/li>\n<li>11\/2016\u201311\/2016: <a href=\"https:\/\/nataschagermane.com\/wp-content\/uploads\/2022\/08\/Gender-Div-und-Co.pdf\" target=\"_blank\" rel=\"noopener\">Trauma: Umgang mit traumatisierten Menschen in Beratung und Training<\/a>, Wien<\/li>\n<li>08\/2012\u201308\/2015: <a href=\"https:\/\/nataschagermane.com\/wp-content\/uploads\/2022\/08\/LSB.pdf\" target=\"_blank\" rel=\"noopener\">Lebens- und Sozialberaterin<\/a>, Business Coach und Business Trainerin Iso zertifiziert, Ausbildung bei Dr. Kaweh, Wien<\/li>\n<li>04\/2011\u201304\/2014: Coaching-Pr\u00e4senz und Fernstudium Coaching Akademie, London<\/li>\n<li>06\/2012\u201308\/2012: <a href=\"https:\/\/nataschagermane.com\/wp-content\/uploads\/2022\/08\/NLP-Pract-Master-London.pdf\" target=\"_blank\" rel=\"noopener\">Coaching Academy NLP-Practitioner<\/a> Lizenz, London<\/li>\n<li>05\/1996\u201301\/2002: Meditationsausbildung und Initiationen, Diamantweg Lama Ole, Powa, Vipassana, Sch\u00fclerin des Dalai Lama, Osho und Sri Chinmoy, International<\/li>\n<li>06\/1999\u201311\/2001:The Radiance Technique, Reiki Master und Lehrer, Hamburg<\/li>\n<li>01\/1997\u201304\/1998: Fachoberschule f\u00fcr Gestaltung, Hamburg<\/li>\n<li>01\/1996\u201304\/1997: Technische Schule HTK Grafik &amp; Design, Hamburg<\/li>\n<\/ul>\n<p>[\/vc_column_text][vc_empty_space alter_height=&#8220;large&#8220; hide_on_mobile=&#8220;&#8220; css=&#8220;.vc_custom_1497362635777{margin-top: 0.85rem !important;}&#8220;][\/vc_column][vc_column width=&#8220;1\/2&#8243;][vc_empty_space height=&#8220;12px&#8220; alter_height=&#8220;large&#8220; hide_on_mobile=&#8220;&#8220; css=&#8220;.vc_custom_1659535383941{margin-top: 0.85rem !important;}&#8220;][vc_column_text]<\/p>\n<h5>Body, Fitness &amp; Soul Qualifikationen:<\/h5>\n<ul class=\"trx_addons_list_dot\">\n<li>11\/2014\u201311\/2014: Body Street Instructor, Methode- K\u00f6rperanalyse, M\u00fcnchen<\/li>\n<li>10\/2005\u201310\/2006: Advanced Instructor Level 3 Yoga, Aerobic and Gym, London<\/li>\n<li>03\/1994\u201311\/2006: Dacascos Martial Arts, Kung-Fu, Kickboxen und Thai Chi, Deutschland, USA<\/li>\n<li>06\/2005\u201306\/2005: Body &amp; Mind Balance Trainer, Hamburg<\/li>\n<li>03\/2005\u201304\/2005: Certificate of Achievement in Ayurvedic Massage Goa\/Indien<\/li>\n<li>03\/2003\u201303\/2003: Entspannungstrainer, Deutescher Sport Studio Verband, HH<\/li>\n<li>01\/2003\u201302\/2003: Teacher of Yoga Award, Neyyar Dam\/Indien<\/li>\n<li>04\/2003\u201307\/2003: Traditional Medical School: Certificate of Achievement, Traditional Thai Massage, Thai Foot Massage and Advanced Thai Medical Massage Therapy, Bangkok\/Thailand, Wat Po<\/li>\n<li>11\/2001\u201301\/2002: Training Courses in Ayurvedic Massage, Goa\/Indien<\/li>\n<li>04\/2000\u201305\/2001: Kara-T-Robics und Kick FitFachseminare, Hamburg<\/li>\n<li>11\/2001\u201311\/2001: Diplom, Lizensierter Thai Yoga Trainer, Witten<\/li>\n<li>04\/2001\u201304\/2001: Pilates Basics, Meridian Academy, Hamburg<\/li>\n<li>03\/2001\u201304\/2001: Fitnesstrainerin Diplom in der Meridian Akademie, Hamburg\/Deutschland<\/li>\n<li>01\/2000-04\/2000: Aerobic Diplom beim DSSV, Hamburg\/Deutschland<\/li>\n<li>11\/1999\u201311\/1999: Lizensierter Thairobic Trainer, Bremen<\/li>\n<\/ul>\n<p>[\/vc_column_text][vc_empty_space alter_height=&#8220;large&#8220; hide_on_mobile=&#8220;&#8220; css=&#8220;.vc_custom_1497362635777{margin-top: 0.85rem !important;}&#8220;][\/vc_column][\/vc_row][vc_row full_width=&#8220;stretch_row&#8220; css=&#8220;.vc_custom_1659534788356{margin-bottom: 50px !important;background-color: #ececec !important;}&#8220; el_class=&#8220;certificates&#8220;][vc_column][vc_empty_space height=&#8220;8px&#8220; alter_height=&#8220;large&#8220; hide_on_mobile=&#8220;&#8220; css=&#8220;.vc_custom_1659535646374{margin-top: 0.85rem !important;}&#8220;][vc_column_text]<\/p>\n<h6 style=\"text-align: left;\">Erfolge, internationale Erfahrungen und Kenntnisse<\/h6>\n<ul>\n<li style=\"text-align: left;\">\u00dcber 25 Jahre internationale Trainingserfahrung in ausgew\u00e4hlten Stilen der Kampfk\u00fcnste, Fitness, Yoga und Meditationen<\/li>\n<li style=\"text-align: left;\">Internationale Berufs- und Ausbildungserfahrungen in Deutschland, USA, Australien, UK, China, Indien, Sri Lanka, Thailand und \u00d6sterreich<\/li>\n<li style=\"text-align: left;\">Europ\u00e4isches Kickbox-Turnier, 2. Platz 1998 \/ Internationales Kampfsportturnier USA Portland Oregon, 2. Platz 1999 Kata und 3. im Fighting<\/li>\n<li style=\"text-align: left;\"><a href=\"https:\/\/www.instagram.com\/nataschagermanemagicart\/\" target=\"_blank\" rel=\"noopener\">Magic Art Natascha Germane<\/a>, 28 Jahre Erfahrung als Malerin und K\u00fcnstlerin mit mehreren Kunst-Ausstellungen in Hamburg, London und Wien<\/li>\n<\/ul>\n<p>[\/vc_column_text][vc_empty_space height=&#8220;8px&#8220; alter_height=&#8220;large&#8220; hide_on_mobile=&#8220;&#8220; css=&#8220;.vc_custom_1659535653421{margin-top: 0.85rem !important;}&#8220;][\/vc_column][\/vc_row][vc_row full_width=&#8220;stretch_row&#8220; css=&#8220;.vc_custom_1607012103082{background-color: #c49e6a !important;}&#8220;][vc_column]<div id=\"sc_content_857461387\"\n\t\tclass=\"sc_content color_style_default sc_content_default sc_float_center sc_align_center\"><div class=\"sc_content_container\">[vc_empty_space alter_height=&#8220;medium&#8220; hide_on_mobile=&#8220;&#8220; css=&#8220;.vc_custom_1607012123840{margin-top: -0.95rem !important;}&#8220;]<div class=\"sc_item_button sc_button_wrap sc_align_left\"><a href=\"https:\/\/calendly.com\/nataschagermane\/30min\" id=\"sc_button_309235745\" class=\"sc_button color_style_default sc_button_default sc_button_size_normal sc_button_icon_left\" target=\"_blank\" rel=\"noopener\"><span class=\"sc_button_text\"><span class=\"sc_button_title\">Jetzt Termin vereinbaren<\/span><\/span><!-- \/.sc_button_text --><\/a><!-- \/.sc_button --><\/div><!-- \/.sc_item_button -->[vc_empty_space alter_height=&#8220;medium&#8220; hide_on_mobile=&#8220;&#8220; css=&#8220;.vc_custom_1607012129323{margin-top: -0.95rem !important;}&#8220;]<\/div><\/div><!-- \/.sc_content -->[\/vc_column][\/vc_row]<\/p>\n<\/div>","protected":false},"excerpt":{"rendered":"<p>[vc_row][vc_column][vc_empty_space alter_height=&#8220;small&#8220; hide_on_mobile=&#8220;&#8220;][vc_empty_space height=&#8220;72px&#8220; alter_height=&#8220;none&#8220; hide_on_mobile=&#8220;&#8220;][vc_column_text] Meine Geschichte [\/vc_column_text][vc_empty_space alter_height=&#8220;small&#8220; hide_on_mobile=&#8220;&#8220;][\/vc_column][\/vc_row][vc_row][vc_column width=&#8220;1\/2&#8243;][vc_column_text]I ch wurde in Hamburg geboren und multikulturell mit Erfahrungen in verschiedenen L\u00e4ndern und Kulturen erzogen. Dadurch spreche ich flie\u00dfend Deutsch, Englisch und Farsi. Ich habe internationale Berufs- und Ausbildungserfahrungen in Deutschland, USA, Australien, UK, China, Indien, Sri Lanka, Thailand und \u00d6sterreich. Ich interessiere mich leidenschaftlich f\u00fcr Menschen und&hellip;<\/p>\n","protected":false},"author":3,"featured_media":0,"parent":0,"menu_order":0,"comment_status":"closed","ping_status":"closed","template":"","meta":{"footnotes":""},"class_list":["post-2670","page","type-page","status-publish","hentry"],"_links":{"self":[{"href":"https:\/\/nataschagermane.com\/de\/wp-json\/wp\/v2\/pages\/2670","targetHints":{"allow":["GET"]}}],"collection":[{"href":"https:\/\/nataschagermane.com\/de\/wp-json\/wp\/v2\/pages"}],"about":[{"href":"https:\/\/nataschagermane.com\/de\/wp-json\/wp\/v2\/types\/page"}],"author":[{"embeddable":true,"href":"https:\/\/nataschagermane.com\/de\/wp-json\/wp\/v2\/users\/3"}],"replies":[{"embeddable":true,"href":"https:\/\/nataschagermane.com\/de\/wp-json\/wp\/v2\/comments?post=2670"}],"version-history":[{"count":37,"href":"https:\/\/nataschagermane.com\/de\/wp-json\/wp\/v2\/pages\/2670\/revisions"}],"predecessor-version":[{"id":2911,"href":"https:\/\/nataschagermane.com\/de\/wp-json\/wp\/v2\/pages\/2670\/revisions\/2911"}],"wp:attachment":[{"href":"https:\/\/nataschagermane.com\/de\/wp-json\/wp\/v2\/media?parent=2670"}],"curies":[{"name":"wp","href":"https:\/\/api.w.org\/{rel}","templated":true}]}}